{"id":465,"date":"2021-09-24T16:27:04","date_gmt":"2021-09-24T19:27:04","guid":{"rendered":"http:\/\/dallasmotelirati.com.br\/?page_id=465"},"modified":"2025-12-29T10:03:21","modified_gmt":"2025-12-29T13:03:21","slug":"suite-luxo","status":"publish","type":"page","link":"http:\/\/dallasmotelirati.com.br\/index.php\/suite-luxo\/","title":{"rendered":"Suite Luxo"},"content":{"rendered":"\n<section class=\"wp-block-uagb-section uagb-section__wrap uagb-section__background-image uagb-block-ef5b3b19\"><div class=\"uagb-section__overlay\"><\/div><div class=\"uagb-section__inner-wrap\">\n<section class=\"wp-block-uagb-section uagb-section__wrap uagb-section__background-undefined uagb-block-a3c82d2f\"><div class=\"uagb-section__overlay\"><\/div><div class=\"uagb-section__inner-wrap\"><\/div><\/section>\n\n\n\n<section class=\"wp-block-uagb-section uagb-section__wrap uagb-section__background-undefined uagb-block-161af73a\"><div class=\"uagb-section__overlay\"><\/div><div class=\"uagb-section__inner-wrap\">\n<div class=\"wp-block-uagb-info-box uagb-infobox__outer-wrap uagb-block-653b9ab5\"><div class=\"uagb-infobox__content-wrap uagb-infobox uagb-infobox-has-icon uagb-infobox-icon-above-title uagb-infobox-image-valign-top uagb-infobox-enable-border-radius \"><div class=\"uagb-ifb-left-right-wrap\"><div class=\"uagb-ifb-content\"><div class=\"uagb-ifb-title-wrap\"><\/div><div class=\"uagb-ifb-text-wrap\"><p class=\"uagb-ifb-desc\"> <\/p><div class=\"uagb-ifb-cta uagb-infobox-cta-link-style\"><div class=\"uagb-ifb-button-wrapper\"><a href=\"http:\/\/dallasmotelirati.com.br\/index.php\/reservas\/\" class=\"uagb-infobox-cta-link uagb-ifb-cta-button\" target=\"_self\" rel=\"noopener noreferrer\"><span class=\"uagb-ifb-cta-content-wrapper\"><span class=\"uagb-inline-editing \">Reservar esta Su\u00edte<\/span><\/span><\/a><\/div><\/div><\/div><\/div><\/div><\/div><\/div>\n<\/div><\/section>\n<\/div><\/section>\n\n\n\n<section class=\"wp-block-uagb-section uagb-section__wrap uagb-section__background-color uagb-block-dc46d760\"><div class=\"uagb-section__overlay\"><\/div><div class=\"uagb-section__inner-wrap\">\n<div class=\"wp-block-media-text is-stacked-on-mobile\"><figure class=\"wp-block-media-text__media\"><img loading=\"lazy\" width=\"521\" height=\"271\" src=\"http:\/\/dallasmotelirati.com.br\/wp-content\/uploads\/2021\/09\/home03.jpg\" alt=\"\" class=\"wp-image-59 size-full\" srcset=\"http:\/\/dallasmotelirati.com.br\/wp-content\/uploads\/2021\/09\/home03.jpg 521w, http:\/\/dallasmotelirati.com.br\/wp-content\/uploads\/2021\/09\/home03-300x156.jpg 300w\" sizes=\"(max-width: 521px) 100vw, 521px\" \/><\/figure><div class=\"wp-block-media-text__content\">\n<h3 class=\"has-ast-global-color-3-color has-text-color\">ESSA SU\u00cdTE TEM:<\/h3>\n\n\n\n<p class=\"has-ast-global-color-3-color has-text-color\">Ar condicionado<br>Teto solar<br>Frigobar<br>Televis\u00e3o<br>Hidro<\/p>\n\n\n\n<p><\/p>\n<\/div><\/div>\n<\/div><\/section>\n\n\n\n<section class=\"wp-block-uagb-section uagb-section__wrap uagb-section__background-color uagb-block-11ef726e\"><div class=\"uagb-section__overlay\"><\/div><div class=\"uagb-section__inner-wrap\">\n<p class=\"has-text-align-center has-ast-global-color-5-color has-text-color has-normal-font-size\">Modernas instala\u00e7\u00f5es para seu conforto e laser. Al\u00e9m das banheiras de hidromassagem, TV, internet,&nbsp; som ambiente e ar condicionado, h\u00e1 su\u00edtes com saunas, hidro, cadeiras er\u00f3ticas e outras estruturas que permitem que voc\u00ea e sua companhia soltem a imagina\u00e7\u00e3o.<\/p>\n<\/div><\/section>\n\n\n\n<section class=\"wp-block-uagb-section uagb-section__wrap uagb-section__background-color uagb-block-d3e8ee6b\"><div class=\"uagb-section__overlay\"><\/div><div class=\"uagb-section__inner-wrap\">\n<figure class=\"wp-block-gallery columns-4 is-cropped\"><ul class=\"blocks-gallery-grid\"><li class=\"blocks-gallery-item\"><figure><a href=\"http:\/\/dallasmotelirati.com.br\/wp-content\/uploads\/2021\/09\/novo5.jpg\"><img loading=\"lazy\" width=\"943\" height=\"1024\" src=\"http:\/\/dallasmotelirati.com.br\/wp-content\/uploads\/2021\/09\/novo5-943x1024.jpg\" alt=\"\" data-id=\"619\" data-full-url=\"http:\/\/dallasmotelirati.com.br\/wp-content\/uploads\/2021\/09\/novo5.jpg\" data-link=\"http:\/\/dallasmotelirati.com.br\/index.php\/dallas-motel\/novo5\/\" class=\"wp-image-619\" srcset=\"http:\/\/dallasmotelirati.com.br\/wp-content\/uploads\/2021\/09\/novo5-943x1024.jpg 943w, http:\/\/dallasmotelirati.com.br\/wp-content\/uploads\/2021\/09\/novo5-276x300.jpg 276w, http:\/\/dallasmotelirati.com.br\/wp-content\/uploads\/2021\/09\/novo5-768x834.jpg 768w, http:\/\/dallasmotelirati.com.br\/wp-content\/uploads\/2021\/09\/novo5.jpg 1070w\" sizes=\"(max-width: 943px) 100vw, 943px\" \/><\/a><\/figure><\/li><li class=\"blocks-gallery-item\"><figure><a href=\"http:\/\/dallasmotelirati.com.br\/wp-content\/uploads\/2021\/09\/novo4.jpg\"><img loading=\"lazy\" width=\"751\" height=\"1024\" src=\"http:\/\/dallasmotelirati.com.br\/wp-content\/uploads\/2021\/09\/novo4-751x1024.jpg\" alt=\"\" data-id=\"673\" data-full-url=\"http:\/\/dallasmotelirati.com.br\/wp-content\/uploads\/2021\/09\/novo4.jpg\" data-link=\"http:\/\/dallasmotelirati.com.br\/index.php\/dallas-motel\/novo4\/\" class=\"wp-image-673\" srcset=\"http:\/\/dallasmotelirati.com.br\/wp-content\/uploads\/2021\/09\/novo4-751x1024.jpg 751w, http:\/\/dallasmotelirati.com.br\/wp-content\/uploads\/2021\/09\/novo4-220x300.jpg 220w, http:\/\/dallasmotelirati.com.br\/wp-content\/uploads\/2021\/09\/novo4-768x1048.jpg 768w, http:\/\/dallasmotelirati.com.br\/wp-content\/uploads\/2021\/09\/novo4.jpg 1074w\" sizes=\"(max-width: 751px) 100vw, 751px\" \/><\/a><\/figure><\/li><li class=\"blocks-gallery-item\"><figure><a href=\"http:\/\/dallasmotelirati.com.br\/wp-content\/uploads\/2021\/09\/novo1.jpg\"><img loading=\"lazy\" width=\"960\" height=\"720\" src=\"http:\/\/dallasmotelirati.com.br\/wp-content\/uploads\/2021\/09\/novo1.jpg\" alt=\"\" data-id=\"678\" data-full-url=\"http:\/\/dallasmotelirati.com.br\/wp-content\/uploads\/2021\/09\/novo1.jpg\" data-link=\"http:\/\/dallasmotelirati.com.br\/index.php\/dallas-motel\/novo1\/\" class=\"wp-image-678\" srcset=\"http:\/\/dallasmotelirati.com.br\/wp-content\/uploads\/2021\/09\/novo1.jpg 960w, http:\/\/dallasmotelirati.com.br\/wp-content\/uploads\/2021\/09\/novo1-300x225.jpg 300w, http:\/\/dallasmotelirati.com.br\/wp-content\/uploads\/2021\/09\/novo1-768x576.jpg 768w\" sizes=\"(max-width: 960px) 100vw, 960px\" \/><\/a><\/figure><\/li><li class=\"blocks-gallery-item\"><figure><a href=\"http:\/\/dallasmotelirati.com.br\/wp-content\/uploads\/2021\/09\/novo2.jpg\"><img loading=\"lazy\" width=\"960\" height=\"720\" src=\"http:\/\/dallasmotelirati.com.br\/wp-content\/uploads\/2021\/09\/novo2.jpg\" alt=\"\" data-id=\"687\" data-full-url=\"http:\/\/dallasmotelirati.com.br\/wp-content\/uploads\/2021\/09\/novo2.jpg\" data-link=\"http:\/\/dallasmotelirati.com.br\/index.php\/suite-luxo\/novo2\/\" class=\"wp-image-687\" srcset=\"http:\/\/dallasmotelirati.com.br\/wp-content\/uploads\/2021\/09\/novo2.jpg 960w, http:\/\/dallasmotelirati.com.br\/wp-content\/uploads\/2021\/09\/novo2-300x225.jpg 300w, http:\/\/dallasmotelirati.com.br\/wp-content\/uploads\/2021\/09\/novo2-768x576.jpg 768w\" sizes=\"(max-width: 960px) 100vw, 960px\" \/><\/a><\/figure><\/li><li class=\"blocks-gallery-item\"><figure><a href=\"http:\/\/dallasmotelirati.com.br\/wp-content\/uploads\/2021\/09\/suite19.jpg\"><img loading=\"lazy\" width=\"1024\" height=\"683\" src=\"http:\/\/dallasmotelirati.com.br\/wp-content\/uploads\/2021\/09\/suite19-1024x683.jpg\" alt=\"\" data-id=\"614\" data-full-url=\"http:\/\/dallasmotelirati.com.br\/wp-content\/uploads\/2021\/09\/suite19.jpg\" data-link=\"http:\/\/dallasmotelirati.com.br\/index.php\/suites-irati\/suite19\/\" class=\"wp-image-614\" srcset=\"http:\/\/dallasmotelirati.com.br\/wp-content\/uploads\/2021\/09\/suite19-1024x683.jpg 1024w, http:\/\/dallasmotelirati.com.br\/wp-content\/uploads\/2021\/09\/suite19-300x200.jpg 300w, http:\/\/dallasmotelirati.com.br\/wp-content\/uploads\/2021\/09\/suite19-768x512.jpg 768w, http:\/\/dallasmotelirati.com.br\/wp-content\/uploads\/2021\/09\/suite19.jpg 1080w\" sizes=\"(max-width: 1024px) 100vw, 1024px\" \/><\/a><\/figure><\/li><li class=\"blocks-gallery-item\"><figure><a href=\"http:\/\/dallasmotelirati.com.br\/wp-content\/uploads\/2021\/09\/novo3.jpg\"><img loading=\"lazy\" width=\"1024\" height=\"780\" src=\"http:\/\/dallasmotelirati.com.br\/wp-content\/uploads\/2021\/09\/novo3-1024x780.jpg\" alt=\"\" data-id=\"695\" data-full-url=\"http:\/\/dallasmotelirati.com.br\/wp-content\/uploads\/2021\/09\/novo3.jpg\" data-link=\"http:\/\/dallasmotelirati.com.br\/index.php\/suite-luxo\/novo3\/\" class=\"wp-image-695\" srcset=\"http:\/\/dallasmotelirati.com.br\/wp-content\/uploads\/2021\/09\/novo3-1024x780.jpg 1024w, http:\/\/dallasmotelirati.com.br\/wp-content\/uploads\/2021\/09\/novo3-300x228.jpg 300w, http:\/\/dallasmotelirati.com.br\/wp-content\/uploads\/2021\/09\/novo3-768x585.jpg 768w, http:\/\/dallasmotelirati.com.br\/wp-content\/uploads\/2021\/09\/novo3.jpg 1078w\" sizes=\"(max-width: 1024px) 100vw, 1024px\" \/><\/a><\/figure><\/li><li class=\"blocks-gallery-item\"><figure><a href=\"http:\/\/dallasmotelirati.com.br\/wp-content\/uploads\/2021\/09\/suite18-1.jpg\"><img loading=\"lazy\" width=\"1024\" height=\"683\" src=\"http:\/\/dallasmotelirati.com.br\/wp-content\/uploads\/2021\/09\/suite18-1-1024x683.jpg\" alt=\"\" data-id=\"613\" data-full-url=\"http:\/\/dallasmotelirati.com.br\/wp-content\/uploads\/2021\/09\/suite18-1.jpg\" data-link=\"http:\/\/dallasmotelirati.com.br\/index.php\/suites-irati\/suite18-1\/\" class=\"wp-image-613\" srcset=\"http:\/\/dallasmotelirati.com.br\/wp-content\/uploads\/2021\/09\/suite18-1-1024x683.jpg 1024w, http:\/\/dallasmotelirati.com.br\/wp-content\/uploads\/2021\/09\/suite18-1-300x200.jpg 300w, http:\/\/dallasmotelirati.com.br\/wp-content\/uploads\/2021\/09\/suite18-1-768x512.jpg 768w, http:\/\/dallasmotelirati.com.br\/wp-content\/uploads\/2021\/09\/suite18-1.jpg 1080w\" sizes=\"(max-width: 1024px) 100vw, 1024px\" \/><\/a><\/figure><\/li><\/ul><\/figure>\n<\/div><\/section>\n\n\n\n<section class=\"wp-block-uagb-section uagb-section__wrap uagb-section__background-undefined uagb-block-6b668372\"><div class=\"uagb-section__overlay\"><\/div><div class=\"uagb-section__inner-wrap\">\n<div class=\"wp-block-uagb-info-box uagb-infobox__outer-wrap uagb-block-1f8b576a\"><div class=\"uagb-infobox__content-wrap uagb-infobox uagb-infobox-has-icon uagb-infobox-icon-above-title uagb-infobox-image-valign-top uagb-infobox-enable-border-radius \"><div class=\"uagb-ifb-left-right-wrap\"><div class=\"uagb-ifb-content\"><div class=\"uagb-ifb-title-wrap\"><h3 class=\"uagb-ifb-title\"><em>Localiza\u00e7\u00e3o<\/em><\/h3><\/div><div class=\"uagb-ifb-text-wrap\"><p class=\"uagb-ifb-desc\">Av. Vicente Machado, 1809<br>CEP: 84.500-000 \u2013 Irati -PR.<\/p><\/div><\/div><\/div><\/div><\/div>\n\n\n\n<section class=\"wp-block-uagb-section uagb-section__wrap uagb-section__background-undefined uagb-block-48cdbb2e\"><div class=\"uagb-section__overlay\"><\/div><div class=\"uagb-section__inner-wrap\">\n<div class=\"wp-block-uagb-google-map uagb-google-map__wrap uagb-block-389ba211\"><iframe class=\"uagb-google-map__iframe\" title=\"Google Map for Av. Dr. Vicente Machado, 1809 - Rio bonito, Irati - PR, 84500-000\" src=\"https:\/\/www.google.com\/maps\/embed\/v1\/place?key=AIzaSyAsd_d46higiozY-zNqtr7zdA81Soswje4&amp;q=Av.%20Dr.%20Vicente%20Machado,%201809%20-%20Rio%20bonito,%20Irati%20-%20PR,%2084500-000&amp;zoom=12&amp;language=pt\" style=\"height:300px\"><\/iframe><\/div>\n<\/div><\/section>\n<\/div><\/section>\n\n\n\n<section class=\"wp-block-uagb-section uagb-section__wrap uagb-section__background-color uagb-block-9260010c\"><div class=\"uagb-section__overlay\"><\/div><div class=\"uagb-section__inner-wrap\">\n<div class=\"wp-block-columns\">\n<div class=\"wp-block-column\">\n<div class=\"wp-block-uagb-info-box uagb-infobox__outer-wrap uagb-block-19ab52fa\"><div class=\"uagb-infobox__content-wrap uagb-infobox uagb-infobox-has-icon uagb-infobox-icon-above-title uagb-infobox-image-valign-top uagb-infobox-enable-border-radius \"><div class=\"uagb-ifb-left-right-wrap\"><div class=\"uagb-ifb-content\"><div class=\"uagb-ifb-title-wrap\"><h3 class=\"uagb-ifb-title\">Mapa do site<\/h3><\/div><div class=\"uagb-ifb-text-wrap\"><p class=\"uagb-ifb-desc\"><a href=\"http:\/\/dallasmotelirati.com.br\/\"><span class=\"has-inline-color has-ast-global-color-5-color\">Dallas Motel<\/span><\/a><span class=\"has-inline-color has-ast-global-color-5-color\"><br><\/span><a href=\"http:\/\/dallasmotelirati.com.br\/index.php\/suites-irati\/\"><span class=\"has-inline-color has-ast-global-color-5-color\">Suites Irati<\/span><\/a><br><a href=\"http:\/\/dallasmotelirati.com.br\/index.php\/suites-guaratuba\/\"><span class=\"has-inline-color has-ast-global-color-5-color\">Suites Guaratuba<\/span><\/a><br><a href=\"http:\/\/dallasmotelirati.com.br\/index.php\/reservas\/\"><span class=\"has-inline-color has-ast-global-color-5-color\">Informa\u00e7\u00f5es <\/span><\/a><\/p><\/div><\/div><\/div><\/div><\/div>\n<\/div>\n\n\n\n<div class=\"wp-block-column\">\n<div class=\"wp-block-uagb-info-box uagb-infobox__outer-wrap uagb-block-1ba2640a\"><div class=\"uagb-infobox__content-wrap uagb-infobox uagb-infobox-has-icon uagb-infobox-icon-above-title uagb-infobox-image-valign-top uagb-infobox-enable-border-radius \"><div class=\"uagb-ifb-left-right-wrap\"><div class=\"uagb-ifb-content\"><div class=\"uagb-ifb-title-wrap\"><h3 class=\"uagb-ifb-title\">Nossas Su\u00edtes<\/h3><\/div><div class=\"uagb-ifb-text-wrap\"><p class=\"uagb-ifb-desc\"><a href=\"http:\/\/dallasmotelirati.com.br\/index.php\/suite-luxo\/\"><span class=\"has-inline-color has-ast-global-color-5-color\">Suite Luxo<\/span><\/a><br><a href=\"http:\/\/dallasmotelirati.com.br\/index.php\/suite-master\/\"><span class=\"has-inline-color has-ast-global-color-5-color\">Suite Master<\/span><\/a><br><a href=\"http:\/\/dallasmotelirati.com.br\/index.php\/suite-convencional\/\"><span class=\"has-inline-color has-ast-global-color-4-color\">Suite Convencional<\/span><\/a><\/p><\/div><\/div><\/div><\/div><\/div>\n<\/div>\n\n\n\n<div class=\"wp-block-column\">\n<div class=\"wp-block-uagb-info-box uagb-infobox__outer-wrap uagb-block-f347aca7\"><div class=\"uagb-infobox__content-wrap uagb-infobox uagb-infobox-has-icon uagb-infobox-icon-above-title uagb-infobox-image-valign-top uagb-infobox-enable-border-radius \"><div class=\"uagb-ifb-left-right-wrap\"><div class=\"uagb-ifb-content\"><div class=\"uagb-ifb-title-wrap\"><h3 class=\"uagb-ifb-title\">Telefones<\/h3><\/div><div class=\"uagb-ifb-text-wrap\"><p class=\"uagb-ifb-desc\">(42) 99969-7574<br><a rel=\"noreferrer noopener\" href=\"https:\/\/goo.gl\/maps\/PGbZjXZrLNpqGoYw6\" target=\"_blank\"><span class=\"has-inline-color has-ast-global-color-5-color\">Dallas Irati<\/span><\/a><br>41-99520 1212<span class=\"has-inline-color has-ast-global-color-5-color\"><br><\/span><a rel=\"noreferrer noopener\" href=\"http:\/\/dallasmotelirati.com.br\/index.php\/suites-guaratuba\/\" target=\"_blank\"><span class=\"has-inline-color has-ast-global-color-5-color\">Dallas Guaratuba<\/span><\/a><\/p><\/div><\/div><\/div><\/div><\/div>\n<\/div>\n<\/div>\n<\/div><\/section>\n","protected":false},"excerpt":{"rendered":"","protected":false},"author":1,"featured_media":0,"parent":0,"menu_order":0,"comment_status":"closed","ping_status":"closed","template":"","meta":{"pgc_sgb_lightbox_settings":""},"uagb_featured_image_src":{"full":false,"thumbnail":false,"medium":false,"medium_large":false,"large":false,"1536x1536":false,"2048x2048":false},"uagb_author_info":{"display_name":"GqUUBoAYN6","author_link":"http:\/\/dallasmotelirati.com.br\/index.php\/author\/gquuboayn6\/"},"uagb_comment_info":0,"uagb_excerpt":null,"_links":{"self":[{"href":"http:\/\/dallasmotelirati.com.br\/index.php\/wp-json\/wp\/v2\/pages\/465"}],"collection":[{"href":"http:\/\/dallasmotelirati.com.br\/index.php\/wp-json\/wp\/v2\/pages"}],"about":[{"href":"http:\/\/dallasmotelirati.com.br\/index.php\/wp-json\/wp\/v2\/types\/page"}],"author":[{"embeddable":true,"href":"http:\/\/dallasmotelirati.com.br\/index.php\/wp-json\/wp\/v2\/users\/1"}],"replies":[{"embeddable":true,"href":"http:\/\/dallasmotelirati.com.br\/index.php\/wp-json\/wp\/v2\/comments?post=465"}],"version-history":[{"count":90,"href":"http:\/\/dallasmotelirati.com.br\/index.php\/wp-json\/wp\/v2\/pages\/465\/revisions"}],"predecessor-version":[{"id":1678,"href":"http:\/\/dallasmotelirati.com.br\/index.php\/wp-json\/wp\/v2\/pages\/465\/revisions\/1678"}],"wp:attachment":[{"href":"http:\/\/dallasmotelirati.com.br\/index.php\/wp-json\/wp\/v2\/media?parent=465"}],"curies":[{"name":"wp","href":"https:\/\/api.w.org\/{rel}","templated":true}]}}