{"id":15,"date":"2021-09-23T09:30:39","date_gmt":"2021-09-23T12:30:39","guid":{"rendered":"http:\/\/dallasmotelirati.com.br\/?page_id=15"},"modified":"2025-12-29T09:59:39","modified_gmt":"2025-12-29T12:59:39","slug":"reservas","status":"publish","type":"page","link":"http:\/\/dallasmotelirati.com.br\/index.php\/reservas\/","title":{"rendered":"Informa\u00e7\u00f5es"},"content":{"rendered":"\n<section class=\"wp-block-uagb-section uagb-section__wrap uagb-section__background-color uagb-block-f422828e\"><div class=\"uagb-section__overlay\"><\/div><div class=\"uagb-section__inner-wrap\">\n<p><strong>Su\u00edte Luxo<\/strong><\/p>\n\n\n\n<div class=\"wp-block-media-text has-media-on-the-right is-stacked-on-mobile is-vertically-aligned-top\" style=\"grid-template-columns:auto 35%\"><figure class=\"wp-block-media-text__media\"><img loading=\"lazy\" width=\"960\" height=\"720\" src=\"http:\/\/dallasmotelirati.com.br\/wp-content\/uploads\/2021\/09\/foto9-2.jpg\" alt=\"\" class=\"wp-image-602 size-full\" srcset=\"http:\/\/dallasmotelirati.com.br\/wp-content\/uploads\/2021\/09\/foto9-2.jpg 960w, http:\/\/dallasmotelirati.com.br\/wp-content\/uploads\/2021\/09\/foto9-2-300x225.jpg 300w, http:\/\/dallasmotelirati.com.br\/wp-content\/uploads\/2021\/09\/foto9-2-768x576.jpg 768w\" sizes=\"(max-width: 960px) 100vw, 960px\" \/><\/figure><div class=\"wp-block-media-text__content\">\n<p class=\"has-ast-global-color-3-color has-text-color\">Ar condicionado<br>Teto solar<br>Frigobar<br>Televis\u00e3o<br>Hidro<\/p>\n\n\n\n<p class=\"has-ast-global-color-3-color has-text-color has-normal-font-size\"><strong>RESERVAR:<\/strong> (42) 99969-7574<\/p>\n\n\n\n<p><\/p>\n\n\n\n<p><\/p>\n\n\n\n<p><\/p>\n<\/div><\/div>\n<\/div><\/section>\n\n\n\n<section class=\"wp-block-uagb-section uagb-section__wrap uagb-section__background-color uagb-block-e506a115\"><div class=\"uagb-section__overlay\"><\/div><div class=\"uagb-section__inner-wrap\">\n<p><strong>Su\u00edte Master<\/strong><\/p>\n\n\n\n<div class=\"wp-block-media-text has-media-on-the-right is-stacked-on-mobile is-vertically-aligned-top\" style=\"grid-template-columns:auto 35%\"><figure class=\"wp-block-media-text__media\"><img loading=\"lazy\" width=\"400\" height=\"300\" src=\"http:\/\/dallasmotelirati.com.br\/wp-content\/uploads\/2021\/09\/suite12.jpg\" alt=\"\" class=\"wp-image-135 size-full\" srcset=\"http:\/\/dallasmotelirati.com.br\/wp-content\/uploads\/2021\/09\/suite12.jpg 400w, http:\/\/dallasmotelirati.com.br\/wp-content\/uploads\/2021\/09\/suite12-300x225.jpg 300w\" sizes=\"(max-width: 400px) 100vw, 400px\" \/><\/figure><div class=\"wp-block-media-text__content\">\n<p class=\"has-ast-global-color-2-color has-text-color\">Ar condicionado<br>Cadeira er\u00f3tica<br>Frigobar<br>Hidro<br>Televis\u00e3o<\/p>\n\n\n\n<p class=\"has-ast-global-color-2-color has-text-color\"><strong>RESERVAR:<\/strong> (42) 99969-7574<\/p>\n<\/div><\/div>\n\n\n\n<p><\/p>\n\n\n\n<p><\/p>\n<\/div><\/section>\n\n\n\n<section class=\"wp-block-uagb-section uagb-section__wrap uagb-section__background-color uagb-block-26f9d4d0\"><div class=\"uagb-section__overlay\"><\/div><div class=\"uagb-section__inner-wrap\">\n<p><strong>Su\u00edte Convencional<\/strong><\/p>\n\n\n\n<div class=\"wp-block-media-text has-media-on-the-right is-stacked-on-mobile is-vertically-aligned-top\" style=\"grid-template-columns:auto 35%\"><figure class=\"wp-block-media-text__media\"><img loading=\"lazy\" width=\"400\" height=\"300\" src=\"http:\/\/dallasmotelirati.com.br\/wp-content\/uploads\/2021\/10\/suite09-1.jpg\" alt=\"\" class=\"wp-image-990 size-full\" srcset=\"http:\/\/dallasmotelirati.com.br\/wp-content\/uploads\/2021\/10\/suite09-1.jpg 400w, http:\/\/dallasmotelirati.com.br\/wp-content\/uploads\/2021\/10\/suite09-1-300x225.jpg 300w\" sizes=\"(max-width: 400px) 100vw, 400px\" \/><\/figure><div class=\"wp-block-media-text__content\">\n<p>Ar condicionado<br>Frigobar<br>Tv (39 polegadas)<\/p>\n\n\n\n<p class=\"has-ast-global-color-2-color has-text-color\"><strong>RESERVAR:<\/strong> (42) 99969-7574<\/p>\n\n\n\n<p><strong><span style=\"color:#3a0204\" class=\"has-inline-color\">SU\u00cdTES DE GUARATUBA CONSULTAR VALORES ATRAV\u00c9S DO N\u00daMERO: (41) 99520 1212<\/span><\/strong><\/p>\n<\/div><\/div>\n<\/div><\/section>\n\n\n\n<p><\/p>\n\n\n\n<section class=\"wp-block-uagb-section uagb-section__wrap uagb-section__background-undefined uagb-block-a5fe5ecb\"><div class=\"uagb-section__overlay\"><\/div><div class=\"uagb-section__inner-wrap\">\n<div class=\"wp-block-columns\">\n<div class=\"wp-block-column\">\n<div class=\"wp-block-uagb-info-box uagb-infobox__outer-wrap uagb-block-d1543adc\"><div class=\"uagb-infobox__content-wrap uagb-infobox uagb-infobox-has-icon uagb-infobox-icon-above-title uagb-infobox-image-valign-top uagb-infobox-enable-border-radius \"><div class=\"uagb-ifb-left-right-wrap\"><div class=\"uagb-ifb-content\"><div class=\"uagb-ifb-image-icon-content uagb-ifb-imgicon-wrap\"><div class=\"uagb-ifb-icon-wrap\"><span class=\"uagb-ifb-icon\"><svg xmlns=\"http:\/\/www.w3.org\/2000\/svg\" viewbox=\"0 0 512 512\"><path d=\"M493.4 24.6l-104-24c-11.3-2.6-22.9 3.3-27.5 13.9l-48 112c-4.2 9.8-1.4 21.3 6.9 28l60.6 49.6c-36 76.7-98.9 140.5-177.2 177.2l-49.6-60.6c-6.8-8.3-18.2-11.1-28-6.9l-112 48C3.9 366.5-2 378.1.6 389.4l24 104C27.1 504.2 36.7 512 48 512c256.1 0 464-207.5 464-464 0-11.2-7.7-20.9-18.6-23.4z\"><\/path><\/svg><\/span><\/div><\/div><div class=\"uagb-ifb-title-wrap\"><h3 class=\"uagb-ifb-title\">Contato<\/h3><\/div><div class=\"uagb-ifb-separator-parent\"><div class=\"uagb-ifb-separator\"><\/div><\/div><div class=\"uagb-ifb-text-wrap\"><p class=\"uagb-ifb-desc\">(42) 99969-7574<\/p><\/div><\/div><\/div><\/div><\/div>\n<\/div>\n\n\n\n<div class=\"wp-block-column\">\n<div class=\"wp-block-uagb-info-box uagb-infobox__outer-wrap uagb-block-ea8493b1\"><div class=\"uagb-infobox__content-wrap uagb-infobox uagb-infobox-has-icon uagb-infobox-icon-above-title uagb-infobox-image-valign-top uagb-infobox-enable-border-radius \"><div class=\"uagb-ifb-left-right-wrap\"><div class=\"uagb-ifb-content\"><div class=\"uagb-ifb-image-icon-content uagb-ifb-imgicon-wrap\"><div class=\"uagb-ifb-icon-wrap\"><span class=\"uagb-ifb-icon\"><svg xmlns=\"http:\/\/www.w3.org\/2000\/svg\" viewbox=\"0 0 384 512\"><path d=\"M172.268 501.67C26.97 291.031 0 269.413 0 192 0 85.961 85.961 0 192 0s192 85.961 192 192c0 77.413-26.97 99.031-172.268 309.67-9.535 13.774-29.93 13.773-39.464 0zM192 272c44.183 0 80-35.817 80-80s-35.817-80-80-80-80 35.817-80 80 35.817 80 80 80z\"><\/path><\/svg><\/span><\/div><\/div><div class=\"uagb-ifb-title-wrap\"><h3 class=\"uagb-ifb-title\">Localiza\u00e7\u00e3o<\/h3><\/div><div class=\"uagb-ifb-separator-parent\"><div class=\"uagb-ifb-separator\"><\/div><\/div><div class=\"uagb-ifb-text-wrap\"><p class=\"uagb-ifb-desc\">Av. Vicente Machado, 1809.<br>CEP: 84.500-000 \u2013 Irati -PR.<\/p><\/div><\/div><\/div><\/div><\/div>\n<\/div>\n\n\n\n<div class=\"wp-block-column\">\n<div class=\"wp-block-uagb-info-box uagb-infobox__outer-wrap uagb-block-2e3d5a42\"><div class=\"uagb-infobox__content-wrap uagb-infobox uagb-infobox-has-icon uagb-infobox-icon-above-title uagb-infobox-image-valign-top uagb-infobox-enable-border-radius \"><div class=\"uagb-ifb-left-right-wrap\"><div class=\"uagb-ifb-content\"><div class=\"uagb-ifb-image-icon-content uagb-ifb-imgicon-wrap\"><div class=\"uagb-ifb-icon-wrap\"><span class=\"uagb-ifb-icon\"><svg xmlns=\"http:\/\/www.w3.org\/2000\/svg\" viewbox=\"0 0 320 512\"><path d=\"M279.14 288l14.22-92.66h-88.91v-60.13c0-25.35 12.42-50.06 52.24-50.06h40.42V6.26S260.43 0 225.36 0c-73.22 0-121.08 44.38-121.08 124.72v70.62H22.89V288h81.39v224h100.17V288z\"><\/path><\/svg><\/span><\/div><\/div><div class=\"uagb-ifb-title-wrap\"><h3 class=\"uagb-ifb-title\">Rede Social<\/h3><\/div><div class=\"uagb-ifb-separator-parent\"><div class=\"uagb-ifb-separator\"><\/div><\/div><div class=\"uagb-ifb-text-wrap\"><p class=\"uagb-ifb-desc\">Acesse nossa p\u00e1gina no facebook.<\/p><div class=\"uagb-ifb-cta uagb-infobox-cta-link-style\"><div class=\"uagb-ifb-button-wrapper\"><a href=\"https:\/\/www.facebook.com\/pages\/Dallas-Motel\/469023086628650\" class=\"uagb-infobox-cta-link uagb-ifb-cta-button\" target=\"_self\" rel=\"noopener noreferrer\"><span class=\"uagb-ifb-cta-content-wrapper\"><span class=\"uagb-inline-editing \">Siga nossa p\u00e1gina<\/span><\/span><\/a><\/div><\/div><\/div><\/div><\/div><\/div><\/div>\n<\/div>\n<\/div>\n<\/div><\/section>\n\n\n\n<section class=\"wp-block-uagb-section uagb-section__wrap uagb-section__background-color uagb-block-7b99c001\"><div class=\"uagb-section__overlay\"><\/div><div class=\"uagb-section__inner-wrap\">\n<div class=\"wp-block-columns\">\n<div class=\"wp-block-column\">\n<div class=\"wp-block-uagb-info-box uagb-infobox__outer-wrap uagb-block-8b296e36\"><div class=\"uagb-infobox__content-wrap uagb-infobox uagb-infobox-has-icon uagb-infobox-icon-above-title uagb-infobox-image-valign-top uagb-infobox-enable-border-radius \"><div class=\"uagb-ifb-left-right-wrap\"><div class=\"uagb-ifb-content\"><div class=\"uagb-ifb-title-wrap\"><h4 class=\"uagb-ifb-title\">Mapa do site<\/h4><\/div><div class=\"uagb-ifb-text-wrap\"><p class=\"uagb-ifb-desc\"><a href=\"http:\/\/dallasmotelirati.com.br\/\" data-type=\"URL\" data-id=\"http:\/\/dallasmotelirati.com.br\/\"><span class=\"has-inline-color has-ast-global-color-5-color\">Dallas Motel<\/span><\/a><br><a href=\"http:\/\/dallasmotelirati.com.br\/index.php\/suites-irati\/\" data-type=\"URL\" data-id=\"http:\/\/dallasmotelirati.com.br\/index.php\/suites-irati\/\"><span class=\"has-inline-color has-ast-global-color-5-color\">Suites Irati<\/span><\/a><br><a href=\"http:\/\/dallasmotelirati.com.br\/index.php\/reservas\/\" data-type=\"URL\" data-id=\"http:\/\/dallasmotelirati.com.br\/index.php\/reservas\/\"><span class=\"has-inline-color has-ast-global-color-5-color\">Reservas <\/span><\/a><\/p><\/div><\/div><\/div><\/div><\/div>\n<\/div>\n\n\n\n<div class=\"wp-block-column\">\n<div class=\"wp-block-uagb-info-box uagb-infobox__outer-wrap uagb-block-6e4e7807\"><div class=\"uagb-infobox__content-wrap uagb-infobox uagb-infobox-has-icon uagb-infobox-icon-above-title uagb-infobox-image-valign-top uagb-infobox-enable-border-radius \"><div class=\"uagb-ifb-left-right-wrap\"><div class=\"uagb-ifb-content\"><div class=\"uagb-ifb-title-wrap\"><h4 class=\"uagb-ifb-title\">Nossas Su\u00edtes<\/h4><\/div><div class=\"uagb-ifb-text-wrap\"><p class=\"uagb-ifb-desc\"><a href=\"http:\/\/dallasmotelirati.com.br\/index.php\/suite-luxo\/\" data-type=\"URL\" data-id=\"http:\/\/dallasmotelirati.com.br\/index.php\/suite-luxo\/\"><span class=\"has-inline-color has-ast-global-color-5-color\">Suite Luxo<\/span><\/a><br><a href=\"http:\/\/dallasmotelirati.com.br\/index.php\/suite-master\/\" data-type=\"URL\" data-id=\"http:\/\/dallasmotelirati.com.br\/index.php\/suite-master\/\"><span class=\"has-inline-color has-ast-global-color-5-color\">Suite Master<\/span><\/a><br><a href=\"http:\/\/dallasmotelirati.com.br\/index.php\/suite-convencional\/\" data-type=\"URL\" data-id=\"http:\/\/dallasmotelirati.com.br\/index.php\/suite-convencional\/\"><span class=\"has-inline-color has-ast-global-color-5-color\">Suite Convencional <\/span><\/a><\/p><\/div><\/div><\/div><\/div><\/div>\n<\/div>\n\n\n\n<div class=\"wp-block-column\">\n<div class=\"wp-block-uagb-info-box uagb-infobox__outer-wrap uagb-block-231276a4\"><div class=\"uagb-infobox__content-wrap uagb-infobox uagb-infobox-has-icon uagb-infobox-icon-above-title uagb-infobox-image-valign-top uagb-infobox-enable-border-radius \"><div class=\"uagb-ifb-left-right-wrap\"><div class=\"uagb-ifb-content\"><div class=\"uagb-ifb-title-wrap\"><h4 class=\"uagb-ifb-title\">Telefones<\/h4><\/div><div class=\"uagb-ifb-text-wrap\"><p class=\"uagb-ifb-desc\">(42) 99969-7574<br><a href=\"https:\/\/www.facebook.com\/pages\/Dallas-Motel\/469023086628650\" data-type=\"URL\" data-id=\"https:\/\/www.facebook.com\/pages\/Dallas-Motel\/469023086628650\"><span class=\"has-inline-color has-ast-global-color-5-color\">Facebook<\/span><\/a><br><a rel=\"noreferrer noopener\" href=\"https:\/\/goo.gl\/maps\/PGbZjXZrLNpqGoYw6\" data-type=\"URL\" data-id=\"https:\/\/goo.gl\/maps\/PGbZjXZrLNpqGoYw6\" target=\"_blank\"><span class=\"has-inline-color has-ast-global-color-5-color\">Dallas Irati <\/span><\/a><br><\/p><\/div><\/div><\/div><\/div><\/div>\n<\/div>\n<\/div>\n<\/div><\/section>\n","protected":false},"excerpt":{"rendered":"","protected":false},"author":1,"featured_media":0,"parent":0,"menu_order":0,"comment_status":"closed","ping_status":"closed","template":"","meta":{"pgc_sgb_lightbox_settings":""},"uagb_featured_image_src":{"full":false,"thumbnail":false,"medium":false,"medium_large":false,"large":false,"1536x1536":false,"2048x2048":false},"uagb_author_info":{"display_name":"GqUUBoAYN6","author_link":"http:\/\/dallasmotelirati.com.br\/index.php\/author\/gquuboayn6\/"},"uagb_comment_info":0,"uagb_excerpt":null,"_links":{"self":[{"href":"http:\/\/dallasmotelirati.com.br\/index.php\/wp-json\/wp\/v2\/pages\/15"}],"collection":[{"href":"http:\/\/dallasmotelirati.com.br\/index.php\/wp-json\/wp\/v2\/pages"}],"about":[{"href":"http:\/\/dallasmotelirati.com.br\/index.php\/wp-json\/wp\/v2\/types\/page"}],"author":[{"embeddable":true,"href":"http:\/\/dallasmotelirati.com.br\/index.php\/wp-json\/wp\/v2\/users\/1"}],"replies":[{"embeddable":true,"href":"http:\/\/dallasmotelirati.com.br\/index.php\/wp-json\/wp\/v2\/comments?post=15"}],"version-history":[{"count":61,"href":"http:\/\/dallasmotelirati.com.br\/index.php\/wp-json\/wp\/v2\/pages\/15\/revisions"}],"predecessor-version":[{"id":1673,"href":"http:\/\/dallasmotelirati.com.br\/index.php\/wp-json\/wp\/v2\/pages\/15\/revisions\/1673"}],"wp:attachment":[{"href":"http:\/\/dallasmotelirati.com.br\/index.php\/wp-json\/wp\/v2\/media?parent=15"}],"curies":[{"name":"wp","href":"https:\/\/api.w.org\/{rel}","templated":true}]}}